{"id":100,"date":"2019-06-27T08:06:37","date_gmt":"2019-06-27T08:06:37","guid":{"rendered":"https:\/\/www.silkelastograft.polimi.it\/?page_id=100"},"modified":"2019-09-12T14:07:13","modified_gmt":"2019-09-12T14:07:13","slug":"expected-results","status":"publish","type":"page","link":"https:\/\/www.silkelastograft.polimi.it\/?page_id=100","title":{"rendered":"Risultati Attesi"},"content":{"rendered":"\n<p> <strong>SILKOELASTOGRAFT <\/strong>ambisce allo sviluppo di una strategia sostenibile per la produzione di graft vascolari con compliance calibrata sulla base delle caratteristiche del sito di impianto e\/o su base paziente-specifica, al fine di ridurre gli eventi avversi come trombogenesi e stenosi del graft. <br><br>Si tratta di un accesso vascolare per emodialisi innovativo, ibrido, semi-degradabile e adatto alla rigenerazione endogena dei tessuti. I graft in <strong>Silkothane<\/strong>\u00ae a compliance calibrata integreranno la biocompatibilit\u00e0 della fibroina della seta con l\u2019elasticit\u00e0 e la stabilit\u00e0 del poliuretano, combinando cos\u00ec i vantaggi a breve termine dei graft sintetici (possibilit\u00e0 di cannulazione immediata) con i vantaggi a lungo termine delle fistole native (rimodellamento e rigenerazione dopo la puntura). <strong>Questi nuovi graft soddisferanno le esigenze industriali in termini di costi di produzione accettabili, tempi di consegna ragionevoli, riproducibilit\u00e0 e aderenza con normative e requisiti di certificazione in termini di sicurezza e controlli di qualit\u00e0, il tutto senza rinunciare alla possibilit\u00e0 di personalizzare la scelta del graft su base paziente-specifica.  <\/strong><\/p>\n","protected":false},"excerpt":{"rendered":"<p>SILKOELASTOGRAFT ambisce allo sviluppo di una strategia sostenibile per la produzione di graft vascolari con compliance calibrata sulla base delle caratteristiche del sito di impianto e\/o su base paziente-specifica, al fine di ridurre gli eventi avversi come trombogenesi e stenosi del graft. Si tratta di un accesso vascolare per emodialisi innovativo, ibrido, semi-degradabile e adatto <a href=\"https:\/\/www.silkelastograft.polimi.it\/?page_id=100\" rel=\"nofollow\"><span class=\"sr-only\">Read more about Risultati Attesi<\/span>[&hellip;]<\/a><\/p>\n","protected":false},"author":2,"featured_media":0,"parent":0,"menu_order":0,"comment_status":"closed","ping_status":"closed","template":"","meta":{"footnotes":""},"_links":{"self":[{"href":"https:\/\/www.silkelastograft.polimi.it\/index.php?rest_route=\/wp\/v2\/pages\/100"}],"collection":[{"href":"https:\/\/www.silkelastograft.polimi.it\/index.php?rest_route=\/wp\/v2\/pages"}],"about":[{"href":"https:\/\/www.silkelastograft.polimi.it\/index.php?rest_route=\/wp\/v2\/types\/page"}],"author":[{"embeddable":true,"href":"https:\/\/www.silkelastograft.polimi.it\/index.php?rest_route=\/wp\/v2\/users\/2"}],"replies":[{"embeddable":true,"href":"https:\/\/www.silkelastograft.polimi.it\/index.php?rest_route=%2Fwp%2Fv2%2Fcomments&post=100"}],"version-history":[{"count":5,"href":"https:\/\/www.silkelastograft.polimi.it\/index.php?rest_route=\/wp\/v2\/pages\/100\/revisions"}],"predecessor-version":[{"id":318,"href":"https:\/\/www.silkelastograft.polimi.it\/index.php?rest_route=\/wp\/v2\/pages\/100\/revisions\/318"}],"wp:attachment":[{"href":"https:\/\/www.silkelastograft.polimi.it\/index.php?rest_route=%2Fwp%2Fv2%2Fmedia&parent=100"}],"curies":[{"name":"wp","href":"https:\/\/api.w.org\/{rel}","templated":true}]}}